{"id":5625,"date":"2018-08-05T13:19:34","date_gmt":"2018-08-05T13:19:34","guid":{"rendered":"https:\/\/tamsarcoaching.com\/the-first-100-days\/"},"modified":"2019-06-11T14:12:46","modified_gmt":"2019-06-11T14:12:46","slug":"the-first-100-days","status":"publish","type":"page","link":"https:\/\/tamsarcoaching.com\/en\/services\/the-first-100-days\/","title":{"rendered":"The First 100 Days"},"content":{"rendered":"<div class=\"wpb-content-wrapper\"><p>[vc_row scrolling_text=&#8221;The First 100 Days&#8221; scrolling_text_font_weight=&#8221;Default&#8221; scrolling_text_letter_spacing=&#8221;-0.055em&#8221; scrolling_text_top_position=&#8221;37.5%&#8221;][vc_column][vc_row_inner row_content_width=&#8221;grid&#8221; content_text_aligment=&#8221;center&#8221; css=&#8221;.vc_custom_1521327731625{padding-top: 11% !important;}&#8221;][vc_column_inner offset=&#8221;vc_col-lg-offset-2 vc_col-lg-8 vc_col-md-offset-1 vc_col-md-10&#8243;][vc_column_text]<\/p>\n<h1>The First 100 Days<\/h1>\n<p>[\/vc_column_text]<div class=\"qodef-separator-holder clearfix  qodef-separator-center \">\n\t<div class=\"qodef-separator\" style=\"border-color: #c3ac6d;width: 112px;border-bottom-width: 3px;margin-top: 18px;margin-bottom: 0px\"><\/div>\n<\/div>\n[vc_column_text]<\/p>\n<h5>Your first steps determine your future path.<\/h5>\n<p>[\/vc_column_text][\/vc_column_inner][\/vc_row_inner][vc_row_inner row_content_width=&#8221;grid&#8221; content_text_aligment=&#8221;center&#8221; css=&#8221;.vc_custom_1521384463448{padding-top: 73px !important;padding-bottom: 86px !important;}&#8221;][vc_column_inner width=&#8221;1\/3&#8243; css=&#8221;.vc_custom_1499082049675{padding-right: 7% !important;padding-left: 7% !important;}&#8221;]<div class=\"qodef-clients clearfix  qodef-clients-one-columns\">\n        <div class=\"qodef-client-holder qodef-clients-fade\" >\n        <div class=\"qodef-client-holder-inner\">\n            <div class=\"qodef-client-image-holder\">\n                                    <span class=\"qodef-client-image-nolink\">\n                                        <span class=\"qodef-client-image\">\n\t\t\t\t\t\t<img decoding=\"async\" src=\"https:\/\/tamsarcoaching.com\/wp-content\/uploads\/2017\/06\/landing-image-2.png\" alt=\"\"\/>\n\t\t\t\t\t<\/span>\n                                                    <span class=\"qodef-client-hover-image\">\n\t\t\t\t\t\t\t<img decoding=\"async\" src=\"https:\/\/tamsarcoaching.com\/wp-content\/uploads\/2017\/06\/landing-image-2b.png\" alt=\"\"\/>\n\t\t\t\t\t\t<\/span>\n                                                                <\/span>\n                        <\/div>\n        <\/div>\n    <\/div>\n<\/div>[vc_column_text]<\/p>\n<h4>Suitable for whom?<\/h4>\n<p>[\/vc_column_text][vc_empty_space height=&#8221;3px&#8221;][vc_column_text]Managers who have recently accepted a new challenge within or outside a company.[\/vc_column_text][vc_empty_space height=&#8221;35px&#8221;][\/vc_column_inner][vc_column_inner width=&#8221;1\/3&#8243; css=&#8221;.vc_custom_1499082057115{padding-right: 7% !important;padding-left: 7% !important;}&#8221;]<div class=\"qodef-clients clearfix  qodef-clients-one-columns\">\n        <div class=\"qodef-client-holder qodef-clients-fade\" >\n        <div class=\"qodef-client-holder-inner\">\n            <div class=\"qodef-client-image-holder\">\n                                    <span class=\"qodef-client-image-nolink\">\n                                        <span class=\"qodef-client-image\">\n\t\t\t\t\t\t<img decoding=\"async\" src=\"https:\/\/tamsarcoaching.com\/wp-content\/uploads\/2017\/06\/landing-image-3.png\" alt=\"\"\/>\n\t\t\t\t\t<\/span>\n                                                    <span class=\"qodef-client-hover-image\">\n\t\t\t\t\t\t\t<img decoding=\"async\" src=\"https:\/\/tamsarcoaching.com\/wp-content\/uploads\/2017\/06\/landing-image-3b.png\" alt=\"\"\/>\n\t\t\t\t\t\t<\/span>\n                                                                <\/span>\n                        <\/div>\n        <\/div>\n    <\/div>\n<\/div>[vc_column_text]<\/p>\n<h4>Suitable for what?<\/h4>\n<p>[\/vc_column_text][vc_empty_space height=&#8221;3px&#8221;][vc_column_text]Creating clarity, planning action, increasing self-confidence.[\/vc_column_text][vc_empty_space height=&#8221;35px&#8221;][\/vc_column_inner][vc_column_inner width=&#8221;1\/3&#8243; css=&#8221;.vc_custom_1499082063407{padding-right: 7% !important;padding-left: 7% !important;}&#8221;]<div class=\"qodef-clients clearfix  qodef-clients-one-columns\">\n        <div class=\"qodef-client-holder qodef-clients-fade\" >\n        <div class=\"qodef-client-holder-inner\">\n            <div class=\"qodef-client-image-holder\">\n                                    <span class=\"qodef-client-image-nolink\">\n                                        <span class=\"qodef-client-image\">\n\t\t\t\t\t\t<img decoding=\"async\" src=\"https:\/\/tamsarcoaching.com\/wp-content\/uploads\/2018\/03\/kesvus.png\" alt=\"\"\/>\n\t\t\t\t\t<\/span>\n                                                    <span class=\"qodef-client-hover-image\">\n\t\t\t\t\t\t\t<img decoding=\"async\" src=\"https:\/\/tamsarcoaching.com\/wp-content\/uploads\/2018\/03\/kestvus-b-1.png\" alt=\"\"\/>\n\t\t\t\t\t\t<\/span>\n                                                                <\/span>\n                        <\/div>\n        <\/div>\n    <\/div>\n<\/div>[vc_column_text]<\/p>\n<h4>Duration<\/h4>\n<p>[\/vc_column_text][vc_empty_space height=&#8221;3px&#8221;][vc_column_text]100 Days[\/vc_column_text][vc_empty_space height=&#8221;35px&#8221;][\/vc_column_inner][\/vc_row_inner][\/vc_column][\/vc_row][vc_row row_content_width=&#8221;grid&#8221; css=&#8221;.vc_custom_1496846394638{padding-top: 112px !important;padding-bottom: 86px !important;}&#8221; simple_background_color=&#8221;#f6f6f6&#8243;][vc_column offset=&#8221;vc_col-lg-6&#8243;][vc_column_text]<\/p>\n<h2>You are starting your new position as a manager.<\/h2>\n<p>[\/vc_column_text][vc_empty_space height=&#8221;11px&#8221;][vc_column_text]You are competent. You believe in yourself. You have faced a competitive selection process.<\/p>\n<p>You have been offered a new challenge. The new challenge is thrilling. It is certain to push you beyond your comfort zone.[\/vc_column_text][vc_empty_space height=&#8221;30px&#8221;][\/vc_column][vc_column offset=&#8221;vc_col-lg-6&#8243;][vc_column_text]<\/p>\n<h4>A lot is expected from you. However:<\/h4>\n<p>[\/vc_column_text][vc_empty_space height=&#8221;21px&#8221;]<div class=\"qodef-icon-list-holder \" style=\"margin-bottom: 11px\">\n\t<div class=\"qodef-il-icon-holder\">\n\t\t<span aria-hidden=\"true\" class=\"qodef-icon-font-elegant icon_question_alt2 \" style=\"font-size: 18px\"><\/span>\t<\/div>\n\t<p class=\"qodef-il-text\" style=\"padding-left: 28px\">How does your team accept you?<\/p>\n<\/div>\n\n\n<div class=\"qodef-icon-list-holder \" style=\"margin-bottom: 11px\">\n\t<div class=\"qodef-il-icon-holder\">\n\t\t<span aria-hidden=\"true\" class=\"qodef-icon-font-elegant icon_question_alt2 \" style=\"font-size: 18px\"><\/span>\t<\/div>\n\t<p class=\"qodef-il-text\" style=\"padding-left: 28px\">Who do you want them to think you are?<\/p>\n<\/div>\n\n\n<div class=\"qodef-icon-list-holder \" style=\"margin-bottom: 11px\">\n\t<div class=\"qodef-il-icon-holder\">\n\t\t<span aria-hidden=\"true\" class=\"qodef-icon-font-elegant icon_question_alt2 \" style=\"font-size: 18px\"><\/span>\t<\/div>\n\t<p class=\"qodef-il-text\" style=\"padding-left: 28px\">How long will it take you to get settled?<\/p>\n<\/div>\n\n\n<div class=\"qodef-icon-list-holder \" style=\"margin-bottom: 11px\">\n\t<div class=\"qodef-il-icon-holder\">\n\t\t<span aria-hidden=\"true\" class=\"qodef-icon-font-elegant icon_question_alt2 \" style=\"font-size: 18px\"><\/span>\t<\/div>\n\t<p class=\"qodef-il-text\" style=\"padding-left: 28px\">How fast can you start implementing change?<\/p>\n<\/div>\n\n\n<div class=\"qodef-icon-list-holder \" style=\"margin-bottom: 11px\">\n\t<div class=\"qodef-il-icon-holder\">\n\t\t<span aria-hidden=\"true\" class=\"qodef-icon-font-elegant icon_question_alt2 \" style=\"font-size: 18px\"><\/span>\t<\/div>\n\t<p class=\"qodef-il-text\" style=\"padding-left: 28px\">Oma tiimi loomine on hea p\u00f5him\u00f5te, aga kuidas seda \u00f5igust arukalt kasutada?<\/p>\n<\/div>\n\n\n<div class=\"qodef-icon-list-holder \" style=\"margin-bottom: 11px\">\n\t<div class=\"qodef-il-icon-holder\">\n\t\t<span aria-hidden=\"true\" class=\"qodef-icon-font-elegant icon_question_alt2 \" style=\"font-size: 18px\"><\/span>\t<\/div>\n\t<p class=\"qodef-il-text\" style=\"padding-left: 28px\">How can you use your power wisely?<\/p>\n<\/div>\n\n\n<div class=\"qodef-icon-list-holder \" style=\"margin-bottom: 11px\">\n\t<div class=\"qodef-il-icon-holder\">\n\t\t<span aria-hidden=\"true\" class=\"qodef-icon-font-elegant icon_question_alt2 \" style=\"font-size: 18px\"><\/span>\t<\/div>\n\t<p class=\"qodef-il-text\" style=\"padding-left: 28px\">How involved should you get?<\/p>\n<\/div>\n\n\n[vc_empty_space height=&#8221;30px&#8221;][\/vc_column][\/vc_row][vc_row row_content_width=&#8221;grid&#8221; content_text_aligment=&#8221;center&#8221; css=&#8221;.vc_custom_1521383882338{padding-top: 134px !important;padding-bottom: 96px !important;}&#8221;][vc_column width=&#8221;1\/3&#8243; css=&#8221;.vc_custom_1521384019906{padding-right: 5% !important;padding-left: 5% !important;}&#8221; offset=&#8221;vc_col-lg-4 vc_col-md-4&#8243;]<div class=\"qodef-iwt clearfix  qodef-iwt-icon-top qodef-iwt-icon-medium\">\n\t<div class=\"qodef-iwt-icon\">\n\t\t\t\t\t\t\t\t\t    <span class=\"qodef-icon-shortcode qodef-normal   qodef-icon-medium\"  data-color=\"#c3ac6d\">\n                    <span aria-hidden=\"true\" class=\"qodef-icon-font-elegant icon_contacts qodef-icon-element\" style=\"color: #c3ac6d;font-size:58px\" ><\/span>            <\/span>\n\t\t\t\t\t\t<\/div>\n\t<div class=\"qodef-iwt-content\" >\n\t\t\t\t\t<h4 class=\"qodef-iwt-title\" >\n\t\t\t\t\t\t\t\t<span class=\"qodef-iwt-title-text\">How do you find answers to the above questions?<\/span>\n\t\t\t\t\t\t\t<\/h4>\n\t\t\t\t\t\t\t<p class=\"qodef-iwt-text\" >You can\u2019t discuss with your new employees. It is not always smart to discuss it with the owners \u2014 even if you have a good relationship with them. And yet, the impact of the first decision is very high. There is a lot at stake. <\/p>\n\t\t\t\t\t<\/div>\n<\/div>[vc_empty_space height=&#8221;40px&#8221;][\/vc_column][vc_column width=&#8221;1\/3&#8243; css=&#8221;.vc_custom_1521384000862{padding-right: 5% !important;padding-left: 5% !important;}&#8221; offset=&#8221;vc_col-lg-4 vc_col-md-4&#8243;]<div class=\"qodef-iwt clearfix  qodef-iwt-icon-top qodef-iwt-icon-medium\">\n\t<div class=\"qodef-iwt-icon\">\n\t\t\t\t\t\t\t\t\t    <span class=\"qodef-icon-shortcode qodef-normal   qodef-icon-medium\"  data-color=\"#c3ac6d\">\n                    <span aria-hidden=\"true\" class=\"qodef-icon-font-elegant icon_lifesaver qodef-icon-element\" style=\"color: #c3ac6d;font-size:58px\" ><\/span>            <\/span>\n\t\t\t\t\t\t<\/div>\n\t<div class=\"qodef-iwt-content\" >\n\t\t\t\t\t<h4 class=\"qodef-iwt-title\" >\n\t\t\t\t\t\t\t\t<span class=\"qodef-iwt-title-text\">A coach can help. <\/span>\n\t\t\t\t\t\t\t<\/h4>\n\t\t\t\t\t\t\t<p class=\"qodef-iwt-text\" >Listening, asking, discussing, thinking, reflecting. A coach understands the challenges of starting a new executive position. <\/p>\n\t\t\t\t\t<\/div>\n<\/div>[vc_empty_space height=&#8221;40px&#8221;][\/vc_column][vc_column width=&#8221;1\/3&#8243; css=&#8221;.vc_custom_1521383979572{padding-right: 5% !important;padding-left: 5% !important;}&#8221; offset=&#8221;vc_col-lg-4 vc_col-md-4&#8243;]<div class=\"qodef-iwt clearfix  qodef-iwt-icon-top qodef-iwt-icon-medium\">\n\t<div class=\"qodef-iwt-icon\">\n\t\t\t\t\t\t\t\t\t    <span class=\"qodef-icon-shortcode qodef-normal   qodef-icon-medium\"  data-color=\"#c3ac6d\">\n                    <span aria-hidden=\"true\" class=\"qodef-icon-font-elegant icon_calendar qodef-icon-element\" style=\"color: #c3ac6d;font-size:58px\" ><\/span>            <\/span>\n\t\t\t\t\t\t<\/div>\n\t<div class=\"qodef-iwt-content\" >\n\t\t\t\t\t<h4 class=\"qodef-iwt-title\" >\n\t\t\t\t\t\t\t\t<span class=\"qodef-iwt-title-text\">Why 100 days?<\/span>\n\t\t\t\t\t\t\t<\/h4>\n\t\t\t\t\t\t\t<p class=\"qodef-iwt-text\" >In the first three months, you need to make big decisions with limited knowledge and many factors outside your control.<\/p>\n\t\t\t\t\t<\/div>\n<\/div>[vc_empty_space height=&#8221;40px&#8221;][\/vc_column][\/vc_row][vc_row row_content_width=&#8221;grid&#8221; content_text_aligment=&#8221;center&#8221; parallax_background_image=&#8221;697&#8243;][vc_column css=&#8221;.vc_custom_1497015716837{padding-top: 17.3% !important;padding-bottom: 19.9% !important;}&#8221; offset=&#8221;vc_col-lg-offset-1 vc_col-lg-10&#8243;][vc_column_text]<\/p>\n<h2><span style=\"color: #ffffff;\">This program offers seven meetings with an experienced coach over a 100-day period.<\/span><\/h2>\n<p>[\/vc_column_text][\/vc_column][\/vc_row][vc_row content_text_aligment=&#8221;center&#8221; type=&#8221;solid&#8221; size=&#8221;small&#8221; skin=&#8221;&#8221; button_hover_animation=&#8221;no&#8221; text=&#8221;Purchase&#8221; target=&#8221;_self&#8221; icon_pack=&#8221;&#8221; fa_icon=&#8221;&#8221; fe_icon=&#8221;&#8221; ion_icon=&#8221;&#8221; linea_icon=&#8221;&#8221; simple_line_icon=&#8221;&#8221; font_weight=&#8221;&#8221; link=&#8221;#&#8221; background_color=&#8221;#c3ac6d&#8221; hover_background_color=&#8221;#b29a59&#8243; border_color=&#8221;#c3ac6d&#8221; hover_border_color=&#8221;#b29a59&#8243; custom_class=&#8221;&#8221; color=&#8221;&#8221; hover_color=&#8221;&#8221; font_size=&#8221;&#8221; margin=&#8221;&#8221; padding=&#8221;&#8221; css=&#8221;.vc_custom_1521386198736{padding-top: 86px !important;padding-bottom: 86px !important;}&#8221;][vc_column][vc_row_inner row_content_width=&#8221;grid&#8221; content_text_aligment=&#8221;center&#8221;][vc_column_inner offset=&#8221;vc_col-lg-offset-2 vc_col-lg-8 vc_col-md-offset-1 vc_col-md-10&#8243;][vc_column_text]<\/p>\n<h5>Have you started or are you about to start a new job? Are you hiring a manager who needs some support?<\/h5>\n<p>[\/vc_column_text][\/vc_column_inner][\/vc_row_inner][vc_empty_space height=&#8221;60px&#8221;]<a itemprop=\"url\" href=\"https:\/\/tamsarcoaching.com\/en\/register-for-coaching\/\" target=\"_self\" style=\"background-color: #c3ac6d;border-color: #c3ac6d;font-size: 20px\" class=\"qodef-btn qodef-btn-medium qodef-btn-solid qodef-btn-custom-hover-bg qodef-btn-custom-border-hover qodef-btn-animated\" data-hover-bg-color=\"#b29a59\" data-hover-border-color=\"#b29a59\" >\n    <span class=\"qodef-btn-text\">Register now<\/span>\n    <i class=\"qodef-icon-font-awesome fa  \" ><\/i>            <span class=\"qodef-hover-background\"><\/span>\n    <\/a>[vc_empty_space height=&#8221;40px&#8221;][\/vc_column][\/vc_row]<\/p>\n<\/div>","protected":false},"excerpt":{"rendered":"<p>[vc_row scrolling_text=&#8221;The First 100 Days&#8221; scrolling_text_font_weight=&#8221;Default&#8221; scrolling_text_letter_spacing=&#8221;-0.055em&#8221; scrolling_text_top_position=&#8221;37.5%&#8221;][vc_column][vc_row_inner row_content_width=&#8221;grid&#8221; content_text_aligment=&#8221;center&#8221; css=&#8221;.vc_custom_1521327731625{padding-top: 11% !important;}&#8221;][vc_column_inner offset=&#8221;vc_col-lg-offset-2 vc_col-lg-8 vc_col-md-offset-1 vc_col-md-10&#8243;][vc_column_text] The First 100 Days [\/vc_column_text][vc_column_text] Your first steps determine your future path. [\/vc_column_text][\/vc_column_inner][\/vc_row_inner][vc_row_inner row_content_width=&#8221;grid&#8221; content_text_aligment=&#8221;center&#8221; css=&#8221;.vc_custom_1521384463448{padding-top: 73px !important;padding-bottom: 86px !important;}&#8221;][vc_column_inner width=&#8221;1\/3&#8243; css=&#8221;.vc_custom_1499082049675{padding-right: 7% [&hellip;]<\/p>\n","protected":false},"author":2,"featured_media":0,"parent":5621,"menu_order":0,"comment_status":"closed","ping_status":"closed","template":"full-width.php","meta":{"footnotes":""},"class_list":["post-5625","page","type-page","status-publish","hentry"],"_links":{"self":[{"href":"https:\/\/tamsarcoaching.com\/en\/wp-json\/wp\/v2\/pages\/5625","targetHints":{"allow":["GET"]}}],"collection":[{"href":"https:\/\/tamsarcoaching.com\/en\/wp-json\/wp\/v2\/pages"}],"about":[{"href":"https:\/\/tamsarcoaching.com\/en\/wp-json\/wp\/v2\/types\/page"}],"author":[{"embeddable":true,"href":"https:\/\/tamsarcoaching.com\/en\/wp-json\/wp\/v2\/users\/2"}],"replies":[{"embeddable":true,"href":"https:\/\/tamsarcoaching.com\/en\/wp-json\/wp\/v2\/comments?post=5625"}],"version-history":[{"count":7,"href":"https:\/\/tamsarcoaching.com\/en\/wp-json\/wp\/v2\/pages\/5625\/revisions"}],"predecessor-version":[{"id":5698,"href":"https:\/\/tamsarcoaching.com\/en\/wp-json\/wp\/v2\/pages\/5625\/revisions\/5698"}],"up":[{"embeddable":true,"href":"https:\/\/tamsarcoaching.com\/en\/wp-json\/wp\/v2\/pages\/5621"}],"wp:attachment":[{"href":"https:\/\/tamsarcoaching.com\/en\/wp-json\/wp\/v2\/media?parent=5625"}],"curies":[{"name":"wp","href":"https:\/\/api.w.org\/{rel}","templated":true}]}}